{"id":15880,"date":"2025-10-26T09:41:54","date_gmt":"2025-10-26T09:41:54","guid":{"rendered":"https:\/\/esstogai.com\/produktai\/?post_type=product&#038;p=15880"},"modified":"2025-10-29T11:48:22","modified_gmt":"2025-10-29T11:48:22","slug":"perkeo-amonio-chlorido-akmenukai","status":"publish","type":"product","link":"https:\/\/esstogai.com\/produktai\/produktas\/perkeo-amonio-chlorido-akmenukai\/","title":{"rendered":"PERKEO amonio chlorido akmenukai"},"content":{"rendered":"","protected":false},"excerpt":{"rendered":"<table>\n<tbody>\n<tr>\n<th>Artikulo Nr.<\/th>\n<th>Modelis<\/th>\n<th>Svoris<\/th>\n<\/tr>\n<tr>\n<td>429\/01<\/td>\n<td>66x45x20 mm<\/td>\n<td>0,08 kg<\/td>\n<\/tr>\n<tr>\n<td>429\/02<\/td>\n<td>66x45x40 mm<\/td>\n<td>0,16 kg<\/td>\n<\/tr>\n<\/tbody>\n<\/table>\n","protected":false},"featured_media":15927,"comment_status":"closed","ping_status":"closed","template":"","meta":[],"product_brand":[74],"product_cat":[71],"product_tag":[],"class_list":{"0":"post-15880","1":"product","2":"type-product","3":"status-publish","4":"has-post-thumbnail","6":"product_brand-perkeo","7":"product_cat-medziagos","9":"first","10":"instock","11":"shipping-taxable","12":"product-type-simple"},"yoast_head":"<!-- This site is optimized with the Yoast SEO plugin v26.6 - https:\/\/yoast.com\/wordpress\/plugins\/seo\/ -->\n<title>PERKEO amonio chlorido akmenukai - Profesional\u016bs plok\u0161\u010di\u0173 stog\u0173 dengimo med\u017eiagos ir \u012frankiai<\/title>\n<meta name=\"robots\" content=\"index, follow, max-snippet:-1, max-image-preview:large, max-video-preview:-1\" \/>\n<link rel=\"canonical\" href=\"https:\/\/esstogai.com\/produktai\/produktas\/perkeo-amonio-chlorido-akmenukai\/\" \/>\n<meta property=\"og:locale\" content=\"lt_LT\" \/>\n<meta property=\"og:type\" content=\"article\" \/>\n<meta property=\"og:title\" content=\"PERKEO amonio chlorido akmenukai - Profesional\u016bs plok\u0161\u010di\u0173 stog\u0173 dengimo med\u017eiagos ir \u012frankiai\" \/>\n<meta property=\"og:description\" content=\"Artikulo Nr. Modelis Svoris   429\/01 66x45x20 mm 0,08 kg   429\/02 66x45x40 mm 0,16 kg\" \/>\n<meta property=\"og:url\" content=\"https:\/\/esstogai.com\/produktai\/produktas\/perkeo-amonio-chlorido-akmenukai\/\" \/>\n<meta property=\"og:site_name\" content=\"Profesional\u016bs plok\u0161\u010di\u0173 stog\u0173 dengimo med\u017eiagos ir \u012frankiai\" \/>\n<meta property=\"article:modified_time\" content=\"2025-10-29T11:48:22+00:00\" \/>\n<meta property=\"og:image\" content=\"https:\/\/esstogai.com\/produktai\/wp-content\/uploads\/2025\/10\/Screenshot-2023-10-27-111504-1.jpg\" \/>\n\t<meta property=\"og:image:width\" content=\"890\" \/>\n\t<meta property=\"og:image:height\" content=\"730\" \/>\n\t<meta property=\"og:image:type\" content=\"image\/jpeg\" \/>\n<meta name=\"twitter:card\" content=\"summary_large_image\" \/>\n<meta name=\"twitter:label1\" content=\"Est. reading time\" \/>\n\t<meta name=\"twitter:data1\" content=\"1 minut\u0117\" \/>\n<script type=\"application\/ld+json\" class=\"yoast-schema-graph\">{\"@context\":\"https:\/\/schema.org\",\"@graph\":[{\"@type\":\"WebPage\",\"@id\":\"https:\/\/esstogai.com\/produktai\/produktas\/perkeo-amonio-chlorido-akmenukai\/\",\"url\":\"https:\/\/esstogai.com\/produktai\/produktas\/perkeo-amonio-chlorido-akmenukai\/\",\"name\":\"PERKEO amonio chlorido akmenukai - Profesional\u016bs plok\u0161\u010di\u0173 stog\u0173 dengimo med\u017eiagos ir \u012frankiai\",\"isPartOf\":{\"@id\":\"https:\/\/esstogai.com\/produktai\/#website\"},\"primaryImageOfPage\":{\"@id\":\"https:\/\/esstogai.com\/produktai\/produktas\/perkeo-amonio-chlorido-akmenukai\/#primaryimage\"},\"image\":{\"@id\":\"https:\/\/esstogai.com\/produktai\/produktas\/perkeo-amonio-chlorido-akmenukai\/#primaryimage\"},\"thumbnailUrl\":\"https:\/\/esstogai.com\/produktai\/wp-content\/uploads\/2025\/10\/Screenshot-2023-10-27-111504-1.jpg\",\"datePublished\":\"2025-10-26T09:41:54+00:00\",\"dateModified\":\"2025-10-29T11:48:22+00:00\",\"breadcrumb\":{\"@id\":\"https:\/\/esstogai.com\/produktai\/produktas\/perkeo-amonio-chlorido-akmenukai\/#breadcrumb\"},\"inLanguage\":\"lt-LT\",\"potentialAction\":[{\"@type\":\"ReadAction\",\"target\":[\"https:\/\/esstogai.com\/produktai\/produktas\/perkeo-amonio-chlorido-akmenukai\/\"]}]},{\"@type\":\"ImageObject\",\"inLanguage\":\"lt-LT\",\"@id\":\"https:\/\/esstogai.com\/produktai\/produktas\/perkeo-amonio-chlorido-akmenukai\/#primaryimage\",\"url\":\"https:\/\/esstogai.com\/produktai\/wp-content\/uploads\/2025\/10\/Screenshot-2023-10-27-111504-1.jpg\",\"contentUrl\":\"https:\/\/esstogai.com\/produktai\/wp-content\/uploads\/2025\/10\/Screenshot-2023-10-27-111504-1.jpg\",\"width\":890,\"height\":730},{\"@type\":\"BreadcrumbList\",\"@id\":\"https:\/\/esstogai.com\/produktai\/produktas\/perkeo-amonio-chlorido-akmenukai\/#breadcrumb\",\"itemListElement\":[{\"@type\":\"ListItem\",\"position\":1,\"name\":\"Home\",\"item\":\"https:\/\/esstogai.com\/produktai\/\"},{\"@type\":\"ListItem\",\"position\":2,\"name\":\"Katalogas\",\"item\":\"https:\/\/esstogai.com\/produktai\/katalogas\/\"},{\"@type\":\"ListItem\",\"position\":3,\"name\":\"PERKEO amonio chlorido akmenukai\"}]},{\"@type\":\"WebSite\",\"@id\":\"https:\/\/esstogai.com\/produktai\/#website\",\"url\":\"https:\/\/esstogai.com\/produktai\/\",\"name\":\"Profesional\u016bs plok\u0161\u010di\u0173 stog\u0173 dengimo med\u017eiagos ir \u012frankiai\",\"description\":\"\",\"potentialAction\":[{\"@type\":\"SearchAction\",\"target\":{\"@type\":\"EntryPoint\",\"urlTemplate\":\"https:\/\/esstogai.com\/produktai\/?s={search_term_string}\"},\"query-input\":{\"@type\":\"PropertyValueSpecification\",\"valueRequired\":true,\"valueName\":\"search_term_string\"}}],\"inLanguage\":\"lt-LT\"}]}<\/script>\n<!-- \/ Yoast SEO plugin. -->","yoast_head_json":{"title":"PERKEO amonio chlorido akmenukai - Profesional\u016bs plok\u0161\u010di\u0173 stog\u0173 dengimo med\u017eiagos ir \u012frankiai","robots":{"index":"index","follow":"follow","max-snippet":"max-snippet:-1","max-image-preview":"max-image-preview:large","max-video-preview":"max-video-preview:-1"},"canonical":"https:\/\/esstogai.com\/produktai\/produktas\/perkeo-amonio-chlorido-akmenukai\/","og_locale":"lt_LT","og_type":"article","og_title":"PERKEO amonio chlorido akmenukai - Profesional\u016bs plok\u0161\u010di\u0173 stog\u0173 dengimo med\u017eiagos ir \u012frankiai","og_description":"Artikulo Nr. Modelis Svoris   429\/01 66x45x20 mm 0,08 kg   429\/02 66x45x40 mm 0,16 kg","og_url":"https:\/\/esstogai.com\/produktai\/produktas\/perkeo-amonio-chlorido-akmenukai\/","og_site_name":"Profesional\u016bs plok\u0161\u010di\u0173 stog\u0173 dengimo med\u017eiagos ir \u012frankiai","article_modified_time":"2025-10-29T11:48:22+00:00","og_image":[{"width":890,"height":730,"url":"https:\/\/esstogai.com\/produktai\/wp-content\/uploads\/2025\/10\/Screenshot-2023-10-27-111504-1.jpg","type":"image\/jpeg"}],"twitter_card":"summary_large_image","twitter_misc":{"Est. reading time":"1 minut\u0117"},"schema":{"@context":"https:\/\/schema.org","@graph":[{"@type":"WebPage","@id":"https:\/\/esstogai.com\/produktai\/produktas\/perkeo-amonio-chlorido-akmenukai\/","url":"https:\/\/esstogai.com\/produktai\/produktas\/perkeo-amonio-chlorido-akmenukai\/","name":"PERKEO amonio chlorido akmenukai - Profesional\u016bs plok\u0161\u010di\u0173 stog\u0173 dengimo med\u017eiagos ir \u012frankiai","isPartOf":{"@id":"https:\/\/esstogai.com\/produktai\/#website"},"primaryImageOfPage":{"@id":"https:\/\/esstogai.com\/produktai\/produktas\/perkeo-amonio-chlorido-akmenukai\/#primaryimage"},"image":{"@id":"https:\/\/esstogai.com\/produktai\/produktas\/perkeo-amonio-chlorido-akmenukai\/#primaryimage"},"thumbnailUrl":"https:\/\/esstogai.com\/produktai\/wp-content\/uploads\/2025\/10\/Screenshot-2023-10-27-111504-1.jpg","datePublished":"2025-10-26T09:41:54+00:00","dateModified":"2025-10-29T11:48:22+00:00","breadcrumb":{"@id":"https:\/\/esstogai.com\/produktai\/produktas\/perkeo-amonio-chlorido-akmenukai\/#breadcrumb"},"inLanguage":"lt-LT","potentialAction":[{"@type":"ReadAction","target":["https:\/\/esstogai.com\/produktai\/produktas\/perkeo-amonio-chlorido-akmenukai\/"]}]},{"@type":"ImageObject","inLanguage":"lt-LT","@id":"https:\/\/esstogai.com\/produktai\/produktas\/perkeo-amonio-chlorido-akmenukai\/#primaryimage","url":"https:\/\/esstogai.com\/produktai\/wp-content\/uploads\/2025\/10\/Screenshot-2023-10-27-111504-1.jpg","contentUrl":"https:\/\/esstogai.com\/produktai\/wp-content\/uploads\/2025\/10\/Screenshot-2023-10-27-111504-1.jpg","width":890,"height":730},{"@type":"BreadcrumbList","@id":"https:\/\/esstogai.com\/produktai\/produktas\/perkeo-amonio-chlorido-akmenukai\/#breadcrumb","itemListElement":[{"@type":"ListItem","position":1,"name":"Home","item":"https:\/\/esstogai.com\/produktai\/"},{"@type":"ListItem","position":2,"name":"Katalogas","item":"https:\/\/esstogai.com\/produktai\/katalogas\/"},{"@type":"ListItem","position":3,"name":"PERKEO amonio chlorido akmenukai"}]},{"@type":"WebSite","@id":"https:\/\/esstogai.com\/produktai\/#website","url":"https:\/\/esstogai.com\/produktai\/","name":"Profesional\u016bs plok\u0161\u010di\u0173 stog\u0173 dengimo med\u017eiagos ir \u012frankiai","description":"","potentialAction":[{"@type":"SearchAction","target":{"@type":"EntryPoint","urlTemplate":"https:\/\/esstogai.com\/produktai\/?s={search_term_string}"},"query-input":{"@type":"PropertyValueSpecification","valueRequired":true,"valueName":"search_term_string"}}],"inLanguage":"lt-LT"}]}},"_links":{"self":[{"href":"https:\/\/esstogai.com\/produktai\/wp-json\/wp\/v2\/product\/15880","targetHints":{"allow":["GET"]}}],"collection":[{"href":"https:\/\/esstogai.com\/produktai\/wp-json\/wp\/v2\/product"}],"about":[{"href":"https:\/\/esstogai.com\/produktai\/wp-json\/wp\/v2\/types\/product"}],"replies":[{"embeddable":true,"href":"https:\/\/esstogai.com\/produktai\/wp-json\/wp\/v2\/comments?post=15880"}],"version-history":[{"count":3,"href":"https:\/\/esstogai.com\/produktai\/wp-json\/wp\/v2\/product\/15880\/revisions"}],"predecessor-version":[{"id":16428,"href":"https:\/\/esstogai.com\/produktai\/wp-json\/wp\/v2\/product\/15880\/revisions\/16428"}],"wp:featuredmedia":[{"embeddable":true,"href":"https:\/\/esstogai.com\/produktai\/wp-json\/wp\/v2\/media\/15927"}],"wp:attachment":[{"href":"https:\/\/esstogai.com\/produktai\/wp-json\/wp\/v2\/media?parent=15880"}],"wp:term":[{"taxonomy":"product_brand","embeddable":true,"href":"https:\/\/esstogai.com\/produktai\/wp-json\/wp\/v2\/product_brand?post=15880"},{"taxonomy":"product_cat","embeddable":true,"href":"https:\/\/esstogai.com\/produktai\/wp-json\/wp\/v2\/product_cat?post=15880"},{"taxonomy":"product_tag","embeddable":true,"href":"https:\/\/esstogai.com\/produktai\/wp-json\/wp\/v2\/product_tag?post=15880"}],"curies":[{"name":"wp","href":"https:\/\/api.w.org\/{rel}","templated":true}]}}