{"id":3,"date":"2025-10-07T08:55:46","date_gmt":"2025-10-07T08:55:46","guid":{"rendered":"https:\/\/esstogai.com\/produktai\/?page_id=3"},"modified":"2025-10-26T14:19:23","modified_gmt":"2025-10-26T14:19:23","slug":"privatumo-politika","status":"publish","type":"page","link":"https:\/\/esstogai.com\/produktai\/privatumo-politika\/","title":{"rendered":"Privatumo politika"},"content":{"rendered":"\t\t<div data-elementor-type=\"wp-page\" data-elementor-id=\"3\" class=\"elementor elementor-3\" data-elementor-post-type=\"page\">\n\t\t\t\t<div class=\"wd-negative-gap elementor-element elementor-element-67c9fbba e-flex e-con-boxed e-con e-parent\" data-id=\"67c9fbba\" data-element_type=\"container\">\n\t\t\t\t\t<div class=\"e-con-inner\">\n\t\t\t\t<div class=\"elementor-element elementor-element-4c6540ae color-scheme-inherit text-left elementor-widget elementor-widget-text-editor\" data-id=\"4c6540ae\" data-element_type=\"widget\" data-widget_type=\"text-editor.default\">\n\t\t\t\t\t\t\t\t\t\n<h2 class=\"text-xl font-bold text-text-100 mt-1 -mb-0.5 wp-block-heading\">1. BENDROS NUOSTATOS<\/h2>\n<p class=\"whitespace-normal break-words\">\u0160i privatumo politika nustato, kaip mes renkame, naudojame, saugome ir apsaugome j\u016bs\u0173 asmens duomenis, kai naudojat\u0117s m\u016bs\u0173 svetaine ir paslaugomis.<\/p>\n<h2 class=\"text-xl font-bold text-text-100 mt-1 -mb-0.5\">2. DUOMEN\u0172 RINKIMAS<\/h2>\n<h3 class=\"text-lg font-bold text-text-100 mt-1 -mb-1.5\">2.1 Automati\u0161kai renkami duomenys<\/h3>\n<ul class=\"[&amp;:not(:last-child)_ul]:pb-1 [&amp;:not(:last-child)_ol]:pb-1 list-disc space-y-2.5 pl-7\">\n<li class=\"whitespace-normal break-words\">IP adresas<\/li>\n<li class=\"whitespace-normal break-words\">Nar\u0161ykl\u0117s tipas ir versija<\/li>\n<li class=\"whitespace-normal break-words\">Operacin\u0117 sistema<\/li>\n<li class=\"whitespace-normal break-words\">Svetain\u0117s naudojimo statistika<\/li>\n<li class=\"whitespace-normal break-words\">Slapukai (cookies)<\/li>\n<\/ul>\n<h3 class=\"text-lg font-bold text-text-100 mt-1 -mb-1.5\">2.2 Savanori\u0161kai pateikiami duomenys<\/h3>\n<ul class=\"[&amp;:not(:last-child)_ul]:pb-1 [&amp;:not(:last-child)_ol]:pb-1 list-disc space-y-2.5 pl-7\">\n<li class=\"whitespace-normal break-words\">Vardas ir pavard\u0117<\/li>\n<li class=\"whitespace-normal break-words\">El. pa\u0161to adresas<\/li>\n<li class=\"whitespace-normal break-words\">Telefono numeris<\/li>\n<li class=\"whitespace-normal break-words\">Kita informacija, kuri\u0105 pateikiate formuose<\/li>\n<\/ul>\n<h2 class=\"text-xl font-bold text-text-100 mt-1 -mb-0.5\">3. DUOMEN\u0172 NAUDOJIMAS<\/h2>\n<p class=\"whitespace-normal break-words\">J\u016bs\u0173 duomenis naudojame \u0161iais tikslais:<\/p>\n<ul class=\"[&amp;:not(:last-child)_ul]:pb-1 [&amp;:not(:last-child)_ol]:pb-1 list-disc space-y-2.5 pl-7\">\n<li class=\"whitespace-normal break-words\">Svetain\u0117s funkcionalumo u\u017etikrinimui<\/li>\n<li class=\"whitespace-normal break-words\">Paslaug\u0173 teikimui ir gerinimui<\/li>\n<li class=\"whitespace-normal break-words\">Klient\u0173 aptarnavimui<\/li>\n<li class=\"whitespace-normal break-words\">Statistikos analizei<\/li>\n<li class=\"whitespace-normal break-words\">Teisini\u0173 \u012fsipareigojim\u0173 vykdymui<\/li>\n<\/ul>\n<h2 class=\"text-xl font-bold text-text-100 mt-1 -mb-0.5\">4. DUOMEN\u0172 APSAUGA<\/h2>\n<p class=\"whitespace-normal break-words\">Taikome atitinkamas technines ir organizacines priemones j\u016bs\u0173 duomen\u0173 apsaugai:<\/p>\n<ul class=\"[&amp;:not(:last-child)_ul]:pb-1 [&amp;:not(:last-child)_ol]:pb-1 list-disc space-y-2.5 pl-7\">\n<li class=\"whitespace-normal break-words\">Duomen\u0173 \u0161ifravimas<\/li>\n<li class=\"whitespace-normal break-words\">Prieigos kontrol\u0117<\/li>\n<li class=\"whitespace-normal break-words\">Reguliarus duomen\u0173 atsarginis kopijavimas<\/li>\n<li class=\"whitespace-normal break-words\">Darbuotoj\u0173 mokymai<\/li>\n<\/ul>\n<h2 class=\"text-xl font-bold text-text-100 mt-1 -mb-0.5\">5. DUOMEN\u0172 PERDAVIMAS<\/h2>\n<p class=\"whitespace-normal break-words\">J\u016bs\u0173 duomenis galime perduoti:<\/p>\n<ul class=\"[&amp;:not(:last-child)_ul]:pb-1 [&amp;:not(:last-child)_ol]:pb-1 list-disc space-y-2.5 pl-7\">\n<li class=\"whitespace-normal break-words\">Paslaug\u0173 teik\u0117jams (tik b\u016btinu mastu)<\/li>\n<li class=\"whitespace-normal break-words\">Teisini\u0173 reikalavim\u0173 vykdymui<\/li>\n<li class=\"whitespace-normal break-words\">Su j\u016bs\u0173 sutikimu<\/li>\n<\/ul>\n<p class=\"whitespace-normal break-words\">Duomenys neperduodami \u012f \u0161alis, kurios neu\u017etikrina adekva\u010dios apsaugos.<\/p>\n<h2 class=\"text-xl font-bold text-text-100 mt-1 -mb-0.5\">6. SLAPUKAI (COOKIES)<\/h2>\n<p class=\"whitespace-normal break-words\">Naudojame slapukus:<\/p>\n<ul class=\"[&amp;:not(:last-child)_ul]:pb-1 [&amp;:not(:last-child)_ol]:pb-1 list-disc space-y-2.5 pl-7\">\n<li class=\"whitespace-normal break-words\">Svetain\u0117s funkcionalumui<\/li>\n<li class=\"whitespace-normal break-words\">Statistikos rinkimui<\/li>\n<li class=\"whitespace-normal break-words\">Naudotojo patirties gerinimui<\/li>\n<\/ul>\n<p class=\"whitespace-normal break-words\">Galite valdyti slapuk\u0173 nustatymus savo nar\u0161ykl\u0117je.<\/p>\n<h2 class=\"text-xl font-bold text-text-100 mt-1 -mb-0.5\">7. J\u016aS\u0172 TEIS\u0116S<\/h2>\n<p class=\"whitespace-normal break-words\">Pagal BDAR turite \u0161ias teises:<\/p>\n<ul class=\"[&amp;:not(:last-child)_ul]:pb-1 [&amp;:not(:last-child)_ol]:pb-1 list-disc space-y-2.5 pl-7\">\n<li class=\"whitespace-normal break-words\">Pra\u0161yti prieigos prie savo duomen\u0173<\/li>\n<li class=\"whitespace-normal break-words\">Reikalauti duomen\u0173 i\u0161taisymo<\/li>\n<li class=\"whitespace-normal break-words\">Pra\u0161yti duomen\u0173 i\u0161trynimo<\/li>\n<li class=\"whitespace-normal break-words\">Apriboti duomen\u0173 tvarkym\u0105<\/li>\n<li class=\"whitespace-normal break-words\">Duomen\u0173 perkeliamumas<\/li>\n<li class=\"whitespace-normal break-words\">Nesutikti su duomen\u0173 tvarkymu<\/li>\n<\/ul>\n<h2 class=\"text-xl font-bold text-text-100 mt-1 -mb-0.5\">8. DUOMEN\u0172 SAUGOJIMO LAIKOTARPIS<\/h2>\n<p class=\"whitespace-normal break-words\">Duomenis saugome tiek, kiek reikalinga:<\/p>\n<ul class=\"[&amp;:not(:last-child)_ul]:pb-1 [&amp;:not(:last-child)_ol]:pb-1 list-disc space-y-2.5 pl-7\">\n<li class=\"whitespace-normal break-words\">Paslaug\u0173 teikimui<\/li>\n<li class=\"whitespace-normal break-words\">Teisini\u0173 \u012fsipareigojim\u0173 vykdymui<\/li>\n<li class=\"whitespace-normal break-words\">Teis\u0117t\u0173 interes\u0173 gynimui<\/li>\n<\/ul>\n<h2 class=\"text-xl font-bold text-text-100 mt-1 -mb-0.5\">9. VAIK\u0172 DUOMENYS<\/h2>\n<p class=\"whitespace-normal break-words\">Nesame skirt\u0105 vaikams iki 16 met\u0173 naudoti. Jei su\u017einome, kad renkame vaik\u0173 duomenis, juos nedelsiant i\u0161triname.<\/p>\n<h2 class=\"text-xl font-bold text-text-100 mt-1 -mb-0.5\">10. POLITIKOS KEITIMAI<\/h2>\n<p class=\"whitespace-normal break-words\">Pasiliekame teis\u0119 keisti \u0161i\u0105 politik\u0105. Apie svarbius pakeitimus informuosime svetain\u0117je arba el. pa\u0161tu.<\/p>\n<h2 class=\"text-xl font-bold text-text-100 mt-1 -mb-0.5\">11. DUOMEN\u0172 APSAUGOS PAREIG\u016aNAS<\/h2>\n<p class=\"whitespace-normal break-words\">D\u0117l duomen\u0173 apsaugos klausim\u0173 galite kreiptis \u012f duomen\u0173 apsaugos pareig\u016bn\u0105.<\/p>\n<h2 class=\"text-xl font-bold text-text-100 mt-1 -mb-0.5\">12. PRIE\u017dI\u016aROS INSTITUCIJA<\/h2>\n<p class=\"whitespace-normal break-words\">Jei manote, kad pa\u017eeid\u0117me j\u016bs\u0173 duomen\u0173 apsaugos teises, galite kreiptis \u012f Valstybin\u0119 duomen\u0173 apsaugos inspekcij\u0105.<\/p>\t\t\t\t\t\t\t\t<\/div>\n\t\t\t\t\t<\/div>\n\t\t\t\t<\/div>\n\t\t\t\t<\/div>\n\t\t","protected":false},"excerpt":{"rendered":"<p>1. BENDROS NUOSTATOS \u0160i privatumo politika nustato, kaip mes renkame, naudojame, saugome ir apsaugome j\u016bs\u0173 asmens duomenis, kai naudojat\u0117s m\u016bs\u0173<\/p>\n","protected":false},"author":1,"featured_media":0,"parent":0,"menu_order":0,"comment_status":"closed","ping_status":"closed","template":"elementor_header_footer","meta":{"footnotes":""},"class_list":["post-3","page","type-page","status-publish","hentry"],"yoast_head":"<!-- This site is optimized with the Yoast SEO plugin v26.6 - https:\/\/yoast.com\/wordpress\/plugins\/seo\/ -->\n<title>Privatumo politika - Profesional\u016bs plok\u0161\u010di\u0173 stog\u0173 dengimo med\u017eiagos ir \u012frankiai<\/title>\n<meta name=\"robots\" content=\"index, follow, max-snippet:-1, max-image-preview:large, max-video-preview:-1\" \/>\n<link rel=\"canonical\" href=\"https:\/\/esstogai.com\/produktai\/privatumo-politika\/\" \/>\n<meta property=\"og:locale\" content=\"lt_LT\" \/>\n<meta property=\"og:type\" content=\"article\" \/>\n<meta property=\"og:title\" content=\"Privatumo politika - Profesional\u016bs plok\u0161\u010di\u0173 stog\u0173 dengimo med\u017eiagos ir \u012frankiai\" \/>\n<meta property=\"og:description\" content=\"1. BENDROS NUOSTATOS \u0160i privatumo politika nustato, kaip mes renkame, naudojame, saugome ir apsaugome j\u016bs\u0173 asmens duomenis, kai naudojat\u0117s m\u016bs\u0173\" \/>\n<meta property=\"og:url\" content=\"https:\/\/esstogai.com\/produktai\/privatumo-politika\/\" \/>\n<meta property=\"og:site_name\" content=\"Profesional\u016bs plok\u0161\u010di\u0173 stog\u0173 dengimo med\u017eiagos ir \u012frankiai\" \/>\n<meta property=\"article:modified_time\" content=\"2025-10-26T14:19:23+00:00\" \/>\n<meta name=\"twitter:card\" content=\"summary_large_image\" \/>\n<meta name=\"twitter:label1\" content=\"Est. reading time\" \/>\n\t<meta name=\"twitter:data1\" content=\"2 minut\u0117s\" \/>\n<script type=\"application\/ld+json\" class=\"yoast-schema-graph\">{\"@context\":\"https:\/\/schema.org\",\"@graph\":[{\"@type\":\"WebPage\",\"@id\":\"https:\/\/esstogai.com\/produktai\/privatumo-politika\/\",\"url\":\"https:\/\/esstogai.com\/produktai\/privatumo-politika\/\",\"name\":\"Privatumo politika - Profesional\u016bs plok\u0161\u010di\u0173 stog\u0173 dengimo med\u017eiagos ir \u012frankiai\",\"isPartOf\":{\"@id\":\"https:\/\/esstogai.com\/produktai\/#website\"},\"datePublished\":\"2025-10-07T08:55:46+00:00\",\"dateModified\":\"2025-10-26T14:19:23+00:00\",\"breadcrumb\":{\"@id\":\"https:\/\/esstogai.com\/produktai\/privatumo-politika\/#breadcrumb\"},\"inLanguage\":\"lt-LT\",\"potentialAction\":[{\"@type\":\"ReadAction\",\"target\":[\"https:\/\/esstogai.com\/produktai\/privatumo-politika\/\"]}]},{\"@type\":\"BreadcrumbList\",\"@id\":\"https:\/\/esstogai.com\/produktai\/privatumo-politika\/#breadcrumb\",\"itemListElement\":[{\"@type\":\"ListItem\",\"position\":1,\"name\":\"Home\",\"item\":\"https:\/\/esstogai.com\/produktai\/\"},{\"@type\":\"ListItem\",\"position\":2,\"name\":\"Privatumo politika\"}]},{\"@type\":\"WebSite\",\"@id\":\"https:\/\/esstogai.com\/produktai\/#website\",\"url\":\"https:\/\/esstogai.com\/produktai\/\",\"name\":\"Profesional\u016bs plok\u0161\u010di\u0173 stog\u0173 dengimo med\u017eiagos ir \u012frankiai\",\"description\":\"\",\"potentialAction\":[{\"@type\":\"SearchAction\",\"target\":{\"@type\":\"EntryPoint\",\"urlTemplate\":\"https:\/\/esstogai.com\/produktai\/?s={search_term_string}\"},\"query-input\":{\"@type\":\"PropertyValueSpecification\",\"valueRequired\":true,\"valueName\":\"search_term_string\"}}],\"inLanguage\":\"lt-LT\"}]}<\/script>\n<!-- \/ Yoast SEO plugin. -->","yoast_head_json":{"title":"Privatumo politika - Profesional\u016bs plok\u0161\u010di\u0173 stog\u0173 dengimo med\u017eiagos ir \u012frankiai","robots":{"index":"index","follow":"follow","max-snippet":"max-snippet:-1","max-image-preview":"max-image-preview:large","max-video-preview":"max-video-preview:-1"},"canonical":"https:\/\/esstogai.com\/produktai\/privatumo-politika\/","og_locale":"lt_LT","og_type":"article","og_title":"Privatumo politika - Profesional\u016bs plok\u0161\u010di\u0173 stog\u0173 dengimo med\u017eiagos ir \u012frankiai","og_description":"1. BENDROS NUOSTATOS \u0160i privatumo politika nustato, kaip mes renkame, naudojame, saugome ir apsaugome j\u016bs\u0173 asmens duomenis, kai naudojat\u0117s m\u016bs\u0173","og_url":"https:\/\/esstogai.com\/produktai\/privatumo-politika\/","og_site_name":"Profesional\u016bs plok\u0161\u010di\u0173 stog\u0173 dengimo med\u017eiagos ir \u012frankiai","article_modified_time":"2025-10-26T14:19:23+00:00","twitter_card":"summary_large_image","twitter_misc":{"Est. reading time":"2 minut\u0117s"},"schema":{"@context":"https:\/\/schema.org","@graph":[{"@type":"WebPage","@id":"https:\/\/esstogai.com\/produktai\/privatumo-politika\/","url":"https:\/\/esstogai.com\/produktai\/privatumo-politika\/","name":"Privatumo politika - Profesional\u016bs plok\u0161\u010di\u0173 stog\u0173 dengimo med\u017eiagos ir \u012frankiai","isPartOf":{"@id":"https:\/\/esstogai.com\/produktai\/#website"},"datePublished":"2025-10-07T08:55:46+00:00","dateModified":"2025-10-26T14:19:23+00:00","breadcrumb":{"@id":"https:\/\/esstogai.com\/produktai\/privatumo-politika\/#breadcrumb"},"inLanguage":"lt-LT","potentialAction":[{"@type":"ReadAction","target":["https:\/\/esstogai.com\/produktai\/privatumo-politika\/"]}]},{"@type":"BreadcrumbList","@id":"https:\/\/esstogai.com\/produktai\/privatumo-politika\/#breadcrumb","itemListElement":[{"@type":"ListItem","position":1,"name":"Home","item":"https:\/\/esstogai.com\/produktai\/"},{"@type":"ListItem","position":2,"name":"Privatumo politika"}]},{"@type":"WebSite","@id":"https:\/\/esstogai.com\/produktai\/#website","url":"https:\/\/esstogai.com\/produktai\/","name":"Profesional\u016bs plok\u0161\u010di\u0173 stog\u0173 dengimo med\u017eiagos ir \u012frankiai","description":"","potentialAction":[{"@type":"SearchAction","target":{"@type":"EntryPoint","urlTemplate":"https:\/\/esstogai.com\/produktai\/?s={search_term_string}"},"query-input":{"@type":"PropertyValueSpecification","valueRequired":true,"valueName":"search_term_string"}}],"inLanguage":"lt-LT"}]}},"_links":{"self":[{"href":"https:\/\/esstogai.com\/produktai\/wp-json\/wp\/v2\/pages\/3","targetHints":{"allow":["GET"]}}],"collection":[{"href":"https:\/\/esstogai.com\/produktai\/wp-json\/wp\/v2\/pages"}],"about":[{"href":"https:\/\/esstogai.com\/produktai\/wp-json\/wp\/v2\/types\/page"}],"author":[{"embeddable":true,"href":"https:\/\/esstogai.com\/produktai\/wp-json\/wp\/v2\/users\/1"}],"replies":[{"embeddable":true,"href":"https:\/\/esstogai.com\/produktai\/wp-json\/wp\/v2\/comments?post=3"}],"version-history":[{"count":4,"href":"https:\/\/esstogai.com\/produktai\/wp-json\/wp\/v2\/pages\/3\/revisions"}],"predecessor-version":[{"id":16283,"href":"https:\/\/esstogai.com\/produktai\/wp-json\/wp\/v2\/pages\/3\/revisions\/16283"}],"wp:attachment":[{"href":"https:\/\/esstogai.com\/produktai\/wp-json\/wp\/v2\/media?parent=3"}],"curies":[{"name":"wp","href":"https:\/\/api.w.org\/{rel}","templated":true}]}}